{"id":17,"date":"2024-02-24T14:36:24","date_gmt":"2024-02-24T14:36:24","guid":{"rendered":"https:\/\/oliwiaszczupska.com\/index.php\/budzet-obywatelski-eksperyment\/"},"modified":"2024-02-24T15:51:15","modified_gmt":"2024-02-24T15:51:15","slug":"budzet-obywatelski-eksperyment","status":"publish","type":"page","link":"https:\/\/oliwiaszczupska.com\/index.php\/budzet-obywatelski-eksperyment\/","title":{"rendered":"Bud\u017cet Obywatelski &#8211; Eksperyment"},"content":{"rendered":"\t\t<div data-elementor-type=\"wp-page\" data-elementor-id=\"17\" class=\"elementor elementor-17\">\n\t\t\t\t<div class=\"elementor-element elementor-element-6d9c57 e-flex e-con-boxed e-con e-parent\" data-id=\"6d9c57\" data-element_type=\"container\">\n\t\t\t\t\t<div class=\"e-con-inner\">\n\t\t\t\t<div class=\"elementor-element elementor-element-5212f8b2 elementor-widget elementor-widget-text-editor\" data-id=\"5212f8b2\" data-element_type=\"widget\" data-widget_type=\"text-editor.default\">\n\t\t\t\t<div class=\"elementor-widget-container\">\n\t\t\t\t\t\t\t<p><span style=\"background: transparent; border: 0px; margin: 0px; outline: 0px; padding: 0px; vertical-align: baseline; font-family: basic, sans-serif;\"><b>Dzi\u0119kujemy za zainteresowanie<br \/><\/b><\/span><span style=\"background: transparent; border: 0px; margin: 0px; outline: 0px; padding: 0px; vertical-align: baseline; font-family: basic, sans-serif;\"><b>naszym eksperymentem!<\/b><\/span><\/p>\t\t\t\t\t\t<\/div>\n\t\t\t\t<\/div>\n\t\t\t\t\t<\/div>\n\t\t\t\t<\/div>\n\t\t<div class=\"elementor-element elementor-element-43bd45a6 e-flex e-con-boxed e-con e-parent\" data-id=\"43bd45a6\" data-element_type=\"container\">\n\t\t\t\t\t<div class=\"e-con-inner\">\n\t\t\t\t<div class=\"elementor-element elementor-element-af4d9a1 elementor-widget elementor-widget-text-editor\" data-id=\"af4d9a1\" data-element_type=\"widget\" data-widget_type=\"text-editor.default\">\n\t\t\t\t<div class=\"elementor-widget-container\">\n\t\t\t\t\t\t\t<h1 class=\"font_4 wixui-rich-text__text\" style=\"background: transparent; border: 0px; outline: 0px; padding: 0px; vertical-align: baseline; pointer-events: auto; font-size: 20px; line-height: 1.25em; color: #000000; margin-block: 0px; margin: 0px; text-align: center;\"><span class=\"wixui-rich-text__text\" style=\"background: transparent; border: 0px; margin: 0px; outline: 0px; padding: 0px; vertical-align: baseline; font-family: basic, sans-serif;\">We\u017a udzia\u0142 online&nbsp;<\/span><\/h1>\n<h1 class=\"font_4 wixui-rich-text__text\" style=\"background: transparent; border: 0px; outline: 0px; padding: 0px; vertical-align: baseline; pointer-events: auto; font-size: 20px; line-height: 1.25em; color: #000000; margin-block: 0px; margin: 0px; text-align: center;\"><span class=\"wixui-rich-text__text\" style=\"background: transparent; border: 0px; margin: 0px; outline: 0px; padding: 0px; vertical-align: baseline; font-family: basic, sans-serif;\">do 31&nbsp;grudnia&nbsp;2020 r.<\/span><\/h1>\t\t\t\t\t\t<\/div>\n\t\t\t\t<\/div>\n\t\t\t\t\t<\/div>\n\t\t\t\t<\/div>\n\t\t<div class=\"elementor-element elementor-element-de1954b e-flex e-con-boxed e-con e-parent\" data-id=\"de1954b\" data-element_type=\"container\">\n\t\t\t\t\t<div class=\"e-con-inner\">\n\t\t\t\t<div class=\"elementor-element elementor-element-1e4a44ec elementor-align-center elementor-widget elementor-widget-button\" data-id=\"1e4a44ec\" data-element_type=\"widget\" data-widget_type=\"button.default\">\n\t\t\t\t<div class=\"elementor-widget-container\">\n\t\t\t\t\t\t\t<div class=\"elementor-button-wrapper\">\n\t\t\t\t\t<a class=\"elementor-button elementor-button-link elementor-size-lg\" href=\"https:\/\/pbstanford.org\/warsaw-research-2020b\">\n\t\t\t\t\t\t<span class=\"elementor-button-content-wrapper\">\n\t\t\t\t\t\t\t\t\t<span class=\"elementor-button-text\">PRZEJD\u0179 DO EKSPERYMENTU<\/span>\n\t\t\t\t\t<\/span>\n\t\t\t\t\t<\/a>\n\t\t\t\t<\/div>\n\t\t\t\t\t\t<\/div>\n\t\t\t\t<\/div>\n\t\t\t\t\t<\/div>\n\t\t\t\t<\/div>\n\t\t<div class=\"elementor-element elementor-element-6d0b7a91 e-flex e-con-boxed e-con e-parent\" data-id=\"6d0b7a91\" data-element_type=\"container\">\n\t\t\t\t\t<div class=\"e-con-inner\">\n\t\t\t\t<div class=\"elementor-element elementor-element-46d723d7 elementor-widget elementor-widget-text-editor\" data-id=\"46d723d7\" data-element_type=\"widget\" data-widget_type=\"text-editor.default\">\n\t\t\t\t<div class=\"elementor-widget-container\">\n\t\t\t\t\t\t\t<section id=\"comp-khoslsu1\" class=\"comp-khoslsu1 CohWsy wixui-column-strip\">\n<div class=\"V5AUxf\" data-testid=\"columns\">\n<div id=\"comp-khoslsu11\" class=\"comp-khoslsu11 YzqVVZ wixui-column-strip__column\">\n<div id=\"bgLayers_comp-khoslsu11\" class=\"MW5IWV\" data-hook=\"bgLayers\">\n<div id=\"bgMedia_comp-khoslsu11\" class=\"VgO9Yg\">&nbsp;<\/div>\n<div id=\"bgMedia_comp-khoslsu11\" class=\"VgO9Yg\"><b style=\"text-align: var(--text-align); background-color: var(--wp--preset--color--base);\">JAK WZI\u0104\u0106 UDZIA\u0141 W EKSPERYMENCIE?<\/b><\/div>\n<div id=\"bgMedia_comp-khoslsu11\" class=\"VgO9Yg\"><span class=\"wixui-rich-text__text\"><span class=\"color_15 wixui-rich-text__text\">To proste! Je\u015bli jeste\u015b mieszka\u0144cem\/mieszkank\u0105 Warszawy, poprosimy Ci\u0119 o<b>&nbsp;oddanie g\u0142osu w fikcyjnym bud\u017cecie obywatelskim wed\u0142ug dw\u00f3ch r\u00f3\u017cnych metod g\u0142osowania:&nbsp;<\/b>takiej, w kt\u00f3rej mo\u017cesz wybra\u0107 maksymalnie pewn\u0105 ograniczon\u0105 liczb\u0119 projekt\u00f3w oraz takiej, w kt\u00f3rej mo\u017cesz wybra\u0107 dowoln\u0105 liczb\u0119 projekt\u00f3w, pod warunkiem, \u017ce ich \u0142\u0105czna kwota nie przekracza warto\u015bci dost\u0119pnego bud\u017cetu.Tw\u00f3j udzia\u0142 w badaniu jest ca\u0142kowicie anonimowy. Pami\u0119taj, \u017ce oddajesz g\u0142os w fikcyjnym g\u0142osowaniu w ramach eksperymentu i nie ma on wp\u0142ywu na wyniki prawdziwego bud\u017cetu obywatelskiego.&nbsp;Je\u015bli zechcesz, na koniec mo\u017cesz podzieli\u0107 si\u0119 swoj\u0105 opini\u0105 na temat do\u015bwiadczenia zwi\u0105zanego z r\u00f3\u017cnymi metodami g\u0142osowania.<\/span><\/span><span style=\"text-align: var(--text-align);\">&nbsp;<\/span><\/div>\n<\/div>\n<\/div>\n<\/div>\n<\/section>\n<section id=\"comp-khoslx991\" class=\"comp-khoslx991 CohWsy wixui-column-strip\">\n<div class=\"V5AUxf\" data-testid=\"columns\">\n<div id=\"comp-khoslx992\" class=\"comp-khoslx992 YzqVVZ wixui-column-strip__column\">\n<div id=\"bgLayers_comp-khoslx992\" class=\"MW5IWV\" data-hook=\"bgLayers\">\n<div id=\"bgMedia_comp-khoslx992\" class=\"VgO9Yg\">&nbsp;<\/div>\n<\/div>\n<div class=\"\" data-mesh-id=\"comp-khoslx992inlineContent\" data-testid=\"inline-content\">\n<div data-mesh-id=\"comp-khoslx992inlineContent-gridContainer\" data-testid=\"mesh-container-content\">\n<div id=\"comp-khoslx994\" class=\"BaOVQ8 tz5f0K comp-khoslx994 wixui-rich-text\" data-testid=\"richTextElement\">\n<p class=\"font_9 wixui-rich-text__text\"><span class=\"wixui-rich-text__text\"><span class=\"color_15 wixui-rich-text__text\"><b>CHCESZ WIEDZIE\u0106 WI\u0118CEJ O&nbsp;EKSPERYMENCIE?<br><\/b><\/span><\/span><span style=\"text-align: var(--text-align);\">Ma on na celu&nbsp;<b>zrozumienie wp\u0142ywu metody g\u0142osowania na proces bud\u017cetu obywatelskiego (partycypacyjnego). <\/b>Czy metoda g\u0142osowania decyduje o tym, kt\u00f3re projekty wybieramy? Czy jej dob\u00f3r mo\u017ce determinowa\u0107 to, kt\u00f3re projekty zwyci\u0119\u017c\u0105? Czy kt\u00f3ra\u015b z nich mo\u017ce okaza\u0107 si\u0119 lepsza? Najlepsz\u0105 drog\u0105 do zdobycia tej wiedzy jest analiza zachowa\u0144 g\u0142osuj\u0105cych w ramach r\u00f3\u017cnych system\u00f3w.&nbsp;Tw\u00f3j udzia\u0142 w badaniu online pomo\u017ce&nbsp;znale\u017a\u0107 odpowiedzi na te pytania! Eksperyment jest cz\u0119\u015bci\u0105 wi\u0119kszego projektu badawczego realizowanego w ramach programu stypendialnego m.st. Warszawy dla doktorant\u00f3w, wspieraj\u0105cego bie\u017c\u0105ce funkcjonowanie i rozw\u00f3j procesu bud\u017cetu obywatelskiego.<\/span><\/p>\n<\/div>\n<\/div>\n<\/div>\n<\/div>\n<\/div>\n<\/section>\n<div id=\"adi_page1004_1_125\" class=\"Vd6aQZ ignore-focus adi_page1004_1_125\" tabindex=\"-1\" role=\"region\" aria-label=\"Budzet Obywatelski - Eksperyment: About\">&nbsp;<\/div>\n<section id=\"comp-khoss4e92\" class=\"comp-khoss4e92 CohWsy wixui-column-strip\">\n<div id=\"bgLayers_comp-khoss4e92\" class=\"if7Vw2\" data-hook=\"bgLayers\">\n<div class=\"tcElKx i1tH8h\" data-testid=\"colorUnderlay\"><span style=\"text-align: var(--text-align);\">UWAGI I PYTANIA PROSIMY KIEROWA\u0106 DO NAS DROG\u0104 MAILOW\u0104:<\/span><span style=\"text-align: var(--text-align); background-color: var(--wp--preset--color--base);\">&nbsp;<\/span><\/div>\n<\/div>\n<div class=\"V5AUxf\" data-testid=\"columns\">\n<div id=\"comp-khoss4ea\" class=\"comp-khoss4ea YzqVVZ wixui-column-strip__column\">\n<div class=\"\" data-mesh-id=\"comp-khoss4eainlineContent\" data-testid=\"inline-content\">\n<div data-mesh-id=\"comp-khoss4eainlineContent-gridContainer\" data-testid=\"mesh-container-content\">\n<div id=\"comp-khoss4ea2\" class=\"BaOVQ8 tz5f0K comp-khoss4ea2 wixui-rich-text\" data-testid=\"richTextElement\">\n<p class=\"font_9 wixui-rich-text__text\"><span class=\"wixui-rich-text__text\"><span class=\"color_15 wixui-rich-text__text\"><b>Magdalena Stefa\u0144ska<br><\/b><\/span><\/span><span class=\"wixui-rich-text__text\"><span class=\"color_15 wixui-rich-text__text\"><span style=\"text-decoration: underline;\"><a class=\"wixui-rich-text__text\" href=\"mailto:m.stefanska@um.warszawa.pl\" target=\"_self\">m.stefanska@um.warszawa.pl<\/a><\/span><br><span style=\"text-align: var(--text-align);\">Centrum Komunikacji Spo\u0142ecznej, Urz\u0105d m.st. Warszawy<\/span><br><\/span><\/span><\/p>\n<p class=\"font_9 wixui-rich-text__text\"><span class=\"wixui-rich-text__text\"><span class=\"color_15 wixui-rich-text__text\"><b>Oliwia Szczupska<br><\/b><\/span><\/span><span class=\"wixui-rich-text__text\"><span class=\"color_15 wixui-rich-text__text\"><span style=\"text-decoration: underline;\"><a class=\"wixui-rich-text__text\" href=\"mailto:oliwia.szczupska@gmail.com\" target=\"_self\">oliwia.szczupska@gmail.com<\/a><\/span><br><\/span><\/span><span style=\"text-align: var(--text-align);\">koordynator naukowy eksperymentu, Szko\u0142a G\u0142\u00f3wna Handlowa<\/span><\/p>\n<\/div>\n<\/div>\n<\/div>\n<\/div>\n<\/div>\n<\/section>\t\t\t\t\t\t<\/div>\n\t\t\t\t<\/div>\n\t\t\t\t\t<\/div>\n\t\t\t\t<\/div>\n\t\t<div class=\"elementor-element elementor-element-2d8cc0a3 e-flex e-con-boxed e-con e-parent\" data-id=\"2d8cc0a3\" data-element_type=\"container\">\n\t\t\t\t\t<div class=\"e-con-inner\">\n\t\t\t\t<div class=\"elementor-element elementor-element-2c27f17b elementor-align-center elementor-widget elementor-widget-button\" data-id=\"2c27f17b\" data-element_type=\"widget\" data-widget_type=\"button.default\">\n\t\t\t\t<div class=\"elementor-widget-container\">\n\t\t\t\t\t\t\t<div class=\"elementor-button-wrapper\">\n\t\t\t\t\t<a class=\"elementor-button elementor-button-link elementor-size-lg\" href=\"https:\/\/pbstanford.org\/warsaw-research-2020b\">\n\t\t\t\t\t\t<span class=\"elementor-button-content-wrapper\">\n\t\t\t\t\t\t\t\t\t<span class=\"elementor-button-text\">PRZEJD\u0179 DO EKSPERYMENTU<\/span>\n\t\t\t\t\t<\/span>\n\t\t\t\t\t<\/a>\n\t\t\t\t<\/div>\n\t\t\t\t\t\t<\/div>\n\t\t\t\t<\/div>\n\t\t\t\t<div class=\"elementor-element elementor-element-77ac26f3 elementor-widget elementor-widget-image\" data-id=\"77ac26f3\" data-element_type=\"widget\" data-widget_type=\"image.default\">\n\t\t\t\t<div class=\"elementor-widget-container\">\n\t\t\t\t\t\t\t\t\t\t\t\t\t\t<a href=\"https:\/\/twojbudzet.um.warszawa.pl\/\">\n\t\t\t\t\t\t\t<img fetchpriority=\"high\" decoding=\"async\" width=\"945\" height=\"300\" src=\"https:\/\/oliwiaszczupska.com\/wp-content\/uploads\/2024\/02\/BOsyrenka_kolor.webp\" class=\"attachment-large size-large wp-image-82\" alt=\"\" srcset=\"https:\/\/oliwiaszczupska.com\/wp-content\/uploads\/2024\/02\/BOsyrenka_kolor.webp 945w, https:\/\/oliwiaszczupska.com\/wp-content\/uploads\/2024\/02\/BOsyrenka_kolor-300x95.webp 300w, https:\/\/oliwiaszczupska.com\/wp-content\/uploads\/2024\/02\/BOsyrenka_kolor-768x244.webp 768w\" sizes=\"(max-width: 945px) 100vw, 945px\" \/>\t\t\t\t\t\t\t\t<\/a>\n\t\t\t\t\t\t\t\t\t\t\t\t\t<\/div>\n\t\t\t\t<\/div>\n\t\t\t\t\t<\/div>\n\t\t\t\t<\/div>\n\t\t<div class=\"elementor-element elementor-element-723af381 e-flex e-con-boxed e-con e-parent\" data-id=\"723af381\" data-element_type=\"container\">\n\t\t\t\t\t<div class=\"e-con-inner\">\n\t\t\t\t<div class=\"elementor-element elementor-element-30afae06 elementor-widget elementor-widget-text-editor\" data-id=\"30afae06\" data-element_type=\"widget\" data-widget_type=\"text-editor.default\">\n\t\t\t\t<div class=\"elementor-widget-container\">\n\t\t\t\t\t\t\t<p>Platforma do eksperymentu online zosta\u0142a udost\u0119pniona dzi\u0119ki uprzejmo\u015bci\u00a0<span class=\"wixui-rich-text__text\"><a class=\"wixui-rich-text__text\" href=\"https:\/\/voxpopuli.stanford.edu\/\" target=\"_blank\" rel=\"noopener\">Stanford Crowdsourced Democracy Team.<\/a><\/span><\/p>\t\t\t\t\t\t<\/div>\n\t\t\t\t<\/div>\n\t\t\t\t\t<\/div>\n\t\t\t\t<\/div>\n\t\t\t\t<\/div>\n\t\t","protected":false},"excerpt":{"rendered":"<p>Dzi\u0119kujemy za zainteresowanienaszym eksperymentem! We\u017a udzia\u0142 online&nbsp; do 31&nbsp;grudnia&nbsp;2020 r. PRZEJD\u0179 DO EKSPERYMENTU &nbsp; JAK WZI\u0104\u0106 UDZIA\u0141 W EKSPERYMENCIE? To proste! Je\u015bli jeste\u015b mieszka\u0144cem\/mieszkank\u0105 Warszawy, poprosimy Ci\u0119 o&nbsp;oddanie g\u0142osu w fikcyjnym bud\u017cecie obywatelskim wed\u0142ug dw\u00f3ch r\u00f3\u017cnych metod g\u0142osowania:&nbsp;takiej, w kt\u00f3rej mo\u017cesz wybra\u0107 maksymalnie pewn\u0105 ograniczon\u0105 liczb\u0119 projekt\u00f3w oraz takiej, w kt\u00f3rej mo\u017cesz wybra\u0107 dowoln\u0105 liczb\u0119 [&hellip;]<\/p>\n","protected":false},"author":1,"featured_media":0,"parent":0,"menu_order":0,"comment_status":"closed","ping_status":"closed","template":"elementor_canvas","meta":{"footnotes":""},"_links":{"self":[{"href":"https:\/\/oliwiaszczupska.com\/index.php\/wp-json\/wp\/v2\/pages\/17"}],"collection":[{"href":"https:\/\/oliwiaszczupska.com\/index.php\/wp-json\/wp\/v2\/pages"}],"about":[{"href":"https:\/\/oliwiaszczupska.com\/index.php\/wp-json\/wp\/v2\/types\/page"}],"author":[{"embeddable":true,"href":"https:\/\/oliwiaszczupska.com\/index.php\/wp-json\/wp\/v2\/users\/1"}],"replies":[{"embeddable":true,"href":"https:\/\/oliwiaszczupska.com\/index.php\/wp-json\/wp\/v2\/comments?post=17"}],"version-history":[{"count":110,"href":"https:\/\/oliwiaszczupska.com\/index.php\/wp-json\/wp\/v2\/pages\/17\/revisions"}],"predecessor-version":[{"id":180,"href":"https:\/\/oliwiaszczupska.com\/index.php\/wp-json\/wp\/v2\/pages\/17\/revisions\/180"}],"wp:attachment":[{"href":"https:\/\/oliwiaszczupska.com\/index.php\/wp-json\/wp\/v2\/media?parent=17"}],"curies":[{"name":"wp","href":"https:\/\/api.w.org\/{rel}","templated":true}]}}